{"id":1667,"date":"2024-09-23T17:53:39","date_gmt":"2024-09-23T15:53:39","guid":{"rendered":"https:\/\/houseofmomos.ch\/athome\/?post_type=product&#038;p=1667"},"modified":"2025-03-29T09:03:58","modified_gmt":"2025-03-29T08:03:58","slug":"tk-vegane-momos","status":"publish","type":"product","link":"https:\/\/houseofmomos.ch\/athome\/produkt\/tk-vegane-momos\/","title":{"rendered":"TK Vegane Momos"},"content":{"rendered":"<p>Handgemachte Tibetische Teigtaschen mit Bio Gem\u00fcse F\u00fcllung (Karotten, Kartoffeln, Spinat, Zwiebeln) und R\u00e4ucher-Tofu-F\u00fcllung nach eigenem Geheimrezept.<\/p>\n","protected":false},"excerpt":{"rendered":"<p>Handgemachte Tibetische Teigtaschen mit Bio Gem\u00fcse F\u00fcllung (Karotten, Kartoffeln, Spinat, Zwiebeln) und R\u00e4ucher-Tofu-F\u00fcllung nach eigenem Geheimrezept.<\/p>\n","protected":false},"featured_media":1658,"template":"","meta":{"_seopress_robots_primary_cat":"none","_seopress_titles_title":"","_seopress_titles_desc":"","_seopress_robots_index":""},"product_cat":[47],"product_tag":[],"class_list":["post-1667","product","type-product","status-publish","has-post-thumbnail","hentry","product_cat-tk-momos"],"_links":{"self":[{"href":"https:\/\/houseofmomos.ch\/athome\/wp-json\/wp\/v2\/product\/1667"}],"collection":[{"href":"https:\/\/houseofmomos.ch\/athome\/wp-json\/wp\/v2\/product"}],"about":[{"href":"https:\/\/houseofmomos.ch\/athome\/wp-json\/wp\/v2\/types\/product"}],"wp:featuredmedia":[{"embeddable":true,"href":"https:\/\/houseofmomos.ch\/athome\/wp-json\/wp\/v2\/media\/1658"}],"wp:attachment":[{"href":"https:\/\/houseofmomos.ch\/athome\/wp-json\/wp\/v2\/media?parent=1667"}],"wp:term":[{"taxonomy":"product_cat","embeddable":true,"href":"https:\/\/houseofmomos.ch\/athome\/wp-json\/wp\/v2\/product_cat?post=1667"},{"taxonomy":"product_tag","embeddable":true,"href":"https:\/\/houseofmomos.ch\/athome\/wp-json\/wp\/v2\/product_tag?post=1667"}],"curies":[{"name":"wp","href":"https:\/\/api.w.org\/{rel}","templated":true}]}}